{"id":1097,"date":"2025-07-18T14:33:04","date_gmt":"2025-07-18T12:33:04","guid":{"rendered":"https:\/\/45mind.com\/?page_id=1097"},"modified":"2025-07-18T14:55:24","modified_gmt":"2025-07-18T12:55:24","slug":"boutique-exception","status":"publish","type":"page","link":"https:\/\/45mind.com\/index.php\/boutique-exception\/","title":{"rendered":"Boutique Les planches d\u2019Exception"},"content":{"rendered":"\t\t<div data-elementor-type=\"wp-page\" data-elementor-id=\"1097\" class=\"elementor elementor-1097\" data-elementor-post-type=\"page\">\n\t\t\t\t\t\t<section class=\"elementor-section elementor-top-section elementor-element elementor-element-45d3ef8 elementor-section-boxed elementor-section-height-default elementor-section-height-default\" data-id=\"45d3ef8\" data-element_type=\"section\" data-e-type=\"section\">\n\t\t\t\t\t\t<div class=\"elementor-container elementor-column-gap-default\">\n\t\t\t\t\t<div class=\"elementor-column elementor-col-100 elementor-top-column elementor-element elementor-element-7b2a2b2\" data-id=\"7b2a2b2\" data-element_type=\"column\" data-e-type=\"column\">\n\t\t\t<div class=\"elementor-widget-wrap elementor-element-populated\">\n\t\t\t\t\t\t<div class=\"elementor-element elementor-element-9a84f0d elementor-widget elementor-widget-heading\" data-id=\"9a84f0d\" data-element_type=\"widget\" data-e-type=\"widget\" data-widget_type=\"heading.default\">\n\t\t\t\t<div class=\"elementor-widget-container\">\n\t\t\t\t\t<h2 class=\"elementor-heading-title elementor-size-default\">Boutique Les Planches d\u2019Exception<\/h2>\t\t\t\t<\/div>\n\t\t\t\t<\/div>\n\t\t\t\t\t<\/div>\n\t\t<\/div>\n\t\t\t\t\t<\/div>\n\t\t<\/section>\n\t\t\t\t<section class=\"elementor-section elementor-top-section elementor-element elementor-element-04924ce elementor-section-boxed elementor-section-height-default elementor-section-height-default\" data-id=\"04924ce\" data-element_type=\"section\" data-e-type=\"section\">\n\t\t\t\t\t\t<div class=\"elementor-container elementor-column-gap-default\">\n\t\t\t\t\t<div class=\"elementor-column elementor-col-100 elementor-top-column elementor-element elementor-element-24b36dc\" data-id=\"24b36dc\" data-element_type=\"column\" data-e-type=\"column\">\n\t\t\t<div class=\"elementor-widget-wrap elementor-element-populated\">\n\t\t\t\t\t\t<div class=\"elementor-element elementor-element-7916387 elementor-grid-3 elementor-product-loop-item--align-center elementor-grid-tablet-3 elementor-grid-mobile-2 elementor-products-grid elementor-wc-products elementor-widget elementor-widget-woocommerce-products\" data-id=\"7916387\" data-element_type=\"widget\" data-e-type=\"widget\" data-widget_type=\"woocommerce-products.default\">\n\t\t\t\t<div class=\"elementor-widget-container\">\n\t\t\t\t\t<div class=\"woocommerce columns-3 \">\r\n<ul class=\"products elementor-grid oceanwp-row clr grid tablet-col tablet-2-col mobile-col mobile-1-col\">\r\n<li class=\"entry has-media product type-product post-1125 status-publish first outofstock product_cat-exception has-post-thumbnail taxable shipping-taxable purchasable product-type-simple\">\n\t<a href=\"https:\/\/45mind.com\/index.php\/produit\/billot-en-noyer-et-chene-sur-commande\/\" class=\"woocommerce-LoopProduct-link woocommerce-loop-product__link\"><img fetchpriority=\"high\" decoding=\"async\" width=\"300\" height=\"225\" src=\"https:\/\/45mind.com\/wp-content\/uploads\/2025\/08\/IMG_3365-1-300x225.jpeg\" class=\"attachment-woocommerce_thumbnail size-woocommerce_thumbnail\" alt=\"Billot en noyer et ch\u00eane SUR COMMANDE\" srcset=\"https:\/\/45mind.com\/wp-content\/uploads\/2025\/08\/IMG_3365-1-300x225.jpeg 300w, https:\/\/45mind.com\/wp-content\/uploads\/2025\/08\/IMG_3365-1-1024x768.jpeg 1024w, https:\/\/45mind.com\/wp-content\/uploads\/2025\/08\/IMG_3365-1-768x576.jpeg 768w, https:\/\/45mind.com\/wp-content\/uploads\/2025\/08\/IMG_3365-1-1536x1152.jpeg 1536w, https:\/\/45mind.com\/wp-content\/uploads\/2025\/08\/IMG_3365-1-2048x1536.jpeg 2048w, https:\/\/45mind.com\/wp-content\/uploads\/2025\/08\/IMG_3365-1-600x450.jpeg 600w, https:\/\/45mind.com\/wp-content\/uploads\/2025\/08\/IMG_3365-1-80x60.jpeg 80w, https:\/\/45mind.com\/wp-content\/uploads\/2025\/08\/IMG_3365-1-120x90.jpeg 120w\" sizes=\"(max-width: 300px) 100vw, 300px\" \/><h2 class=\"woocommerce-loop-product__title\">Billot en noyer et ch\u00eane SUR COMMANDE<\/h2>\n\t<span class=\"price\"><span class=\"woocommerce-Price-amount amount\"><bdi>180,00<span class=\"woocommerce-Price-currencySymbol\">&euro;<\/span><\/bdi><\/span><\/span>\n<\/a><a href=\"https:\/\/45mind.com\/index.php\/produit\/billot-en-noyer-et-chene-sur-commande\/\" aria-describedby=\"woocommerce_loop_add_to_cart_link_describedby_1125\" data-quantity=\"1\" class=\"button product_type_simple\" data-product_id=\"1125\" data-product_sku=\"\" aria-label=\"En savoir plus sur &ldquo;Billot en noyer et ch\u00eane SUR COMMANDE&rdquo;\" rel=\"nofollow\" data-success_message=\"\">Lire la suite<\/a>\t<span id=\"woocommerce_loop_add_to_cart_link_describedby_1125\" class=\"screen-reader-text\">\n\t\t\t<\/span>\n<\/li>\n<li class=\"entry has-media product type-product post-1131 status-publish instock product_cat-exception has-post-thumbnail taxable shipping-taxable purchasable product-type-simple\">\n\t<a href=\"https:\/\/45mind.com\/index.php\/produit\/billot-en-noyer-erable-du-canada-et-chene\/\" class=\"woocommerce-LoopProduct-link woocommerce-loop-product__link\"><img decoding=\"async\" width=\"300\" height=\"225\" src=\"https:\/\/45mind.com\/wp-content\/uploads\/2025\/08\/IMG_3372-300x225.jpeg\" class=\"attachment-woocommerce_thumbnail size-woocommerce_thumbnail\" alt=\"Billot en noyer, \u00e9rable du Canada et ch\u00eane\" srcset=\"https:\/\/45mind.com\/wp-content\/uploads\/2025\/08\/IMG_3372-300x225.jpeg 300w, https:\/\/45mind.com\/wp-content\/uploads\/2025\/08\/IMG_3372-1024x768.jpeg 1024w, https:\/\/45mind.com\/wp-content\/uploads\/2025\/08\/IMG_3372-768x576.jpeg 768w, https:\/\/45mind.com\/wp-content\/uploads\/2025\/08\/IMG_3372-1536x1152.jpeg 1536w, https:\/\/45mind.com\/wp-content\/uploads\/2025\/08\/IMG_3372-2048x1536.jpeg 2048w, https:\/\/45mind.com\/wp-content\/uploads\/2025\/08\/IMG_3372-600x450.jpeg 600w, https:\/\/45mind.com\/wp-content\/uploads\/2025\/08\/IMG_3372-80x60.jpeg 80w, https:\/\/45mind.com\/wp-content\/uploads\/2025\/08\/IMG_3372-120x90.jpeg 120w\" sizes=\"(max-width: 300px) 100vw, 300px\" \/><h2 class=\"woocommerce-loop-product__title\">Billot en noyer, \u00e9rable du Canada et ch\u00eane<\/h2>\n\t<span class=\"price\"><span class=\"woocommerce-Price-amount amount\"><bdi>180,00<span class=\"woocommerce-Price-currencySymbol\">&euro;<\/span><\/bdi><\/span><\/span>\n<\/a><form action=\"\/index.php\/wp-json\/wp\/v2\/pages\/1097?add-to-cart=1131\" class=\"cart\" method=\"post\" enctype=\"multipart\/form-data\" onsubmit=\"return false;\">\n        <div class=\"quantity\">\n\t\t<label class=\"screen-reader-text\" for=\"quantity_69f284767a6f4\">quantit\u00e9 de Billot en noyer, \u00e9rable du Canada et ch\u00eane<\/label>\n\t<input\n\t\ttype=\"number\"\n\t\t\t\tid=\"quantity_69f284767a6f4\"\n\t\tclass=\"input-text qty text\"\n\t\tname=\"quantity\"\n\t\tvalue=\"1\"\n\t\taria-label=\"Quantit\u00e9 de produits\"\n\t\t\t\tmin=\"1\"\n\t\t\t\t\t\t\tstep=\"1\"\n\t\t\tplaceholder=\"\"\n\t\t\tinputmode=\"numeric\"\n\t\t\tautocomplete=\"off\"\n\t\t\t\/>\n\t<\/div>\n<\/form>\n<a href=\"\/index.php\/wp-json\/wp\/v2\/pages\/1097?add-to-cart=1131\" data-quantity=\"1\" class=\"button alt ajax_add_to_cart add_to_cart_button product_type_simple single_add_to_cart_button wbu-hide hide\" data-product_id=\"1131\">Ajouter au panier<\/a>\t<span id=\"woocommerce_loop_add_to_cart_link_describedby_1131\" class=\"screen-reader-text\">\n\t\t\t<\/span>\n<\/li>\n<li class=\"entry has-media product type-product post-1140 status-publish last instock product_cat-exception has-post-thumbnail taxable shipping-taxable purchasable product-type-simple\">\n\t<a href=\"https:\/\/45mind.com\/index.php\/produit\/planche-en-amarante-du-bresil-et-erable-du-canada\/\" class=\"woocommerce-LoopProduct-link woocommerce-loop-product__link\"><img decoding=\"async\" width=\"300\" height=\"225\" src=\"https:\/\/45mind.com\/wp-content\/uploads\/2025\/08\/IMG_3845-300x225.jpeg\" class=\"attachment-woocommerce_thumbnail size-woocommerce_thumbnail\" alt=\"Planche en amarante du Br\u00e9sil et \u00e9rable du Canada\" srcset=\"https:\/\/45mind.com\/wp-content\/uploads\/2025\/08\/IMG_3845-300x225.jpeg 300w, https:\/\/45mind.com\/wp-content\/uploads\/2025\/08\/IMG_3845-1024x768.jpeg 1024w, https:\/\/45mind.com\/wp-content\/uploads\/2025\/08\/IMG_3845-768x576.jpeg 768w, https:\/\/45mind.com\/wp-content\/uploads\/2025\/08\/IMG_3845-1536x1152.jpeg 1536w, https:\/\/45mind.com\/wp-content\/uploads\/2025\/08\/IMG_3845-2048x1536.jpeg 2048w, https:\/\/45mind.com\/wp-content\/uploads\/2025\/08\/IMG_3845-600x450.jpeg 600w, https:\/\/45mind.com\/wp-content\/uploads\/2025\/08\/IMG_3845-80x60.jpeg 80w, https:\/\/45mind.com\/wp-content\/uploads\/2025\/08\/IMG_3845-120x90.jpeg 120w\" sizes=\"(max-width: 300px) 100vw, 300px\" \/><h2 class=\"woocommerce-loop-product__title\">Planche en amarante du Br\u00e9sil et \u00e9rable du Canada<\/h2>\n\t<span class=\"price\"><span class=\"woocommerce-Price-amount amount\"><bdi>110,00<span class=\"woocommerce-Price-currencySymbol\">&euro;<\/span><\/bdi><\/span><\/span>\n<\/a><form action=\"\/index.php\/wp-json\/wp\/v2\/pages\/1097?add-to-cart=1140\" class=\"cart\" method=\"post\" enctype=\"multipart\/form-data\" onsubmit=\"return false;\">\n        <div class=\"quantity\">\n\t\t<label class=\"screen-reader-text\" for=\"quantity_69f284767bb57\">quantit\u00e9 de Planche en amarante du Br\u00e9sil et \u00e9rable du Canada<\/label>\n\t<input\n\t\ttype=\"number\"\n\t\t\t\tid=\"quantity_69f284767bb57\"\n\t\tclass=\"input-text qty text\"\n\t\tname=\"quantity\"\n\t\tvalue=\"1\"\n\t\taria-label=\"Quantit\u00e9 de produits\"\n\t\t\t\tmin=\"1\"\n\t\t\t\t\t\t\tstep=\"1\"\n\t\t\tplaceholder=\"\"\n\t\t\tinputmode=\"numeric\"\n\t\t\tautocomplete=\"off\"\n\t\t\t\/>\n\t<\/div>\n<\/form>\n<a href=\"\/index.php\/wp-json\/wp\/v2\/pages\/1097?add-to-cart=1140\" data-quantity=\"1\" class=\"button alt ajax_add_to_cart add_to_cart_button product_type_simple single_add_to_cart_button wbu-hide hide\" data-product_id=\"1140\">Ajouter au panier<\/a>\t<span id=\"woocommerce_loop_add_to_cart_link_describedby_1140\" class=\"screen-reader-text\">\n\t\t\t<\/span>\n<\/li>\n<\/ul>\n<\/div>\t\t\t\t<\/div>\n\t\t\t\t<\/div>\n\t\t\t\t\t<\/div>\n\t\t<\/div>\n\t\t\t\t\t<\/div>\n\t\t<\/section>\n\t\t\t\t<\/div>\n\t\t","protected":false},"excerpt":{"rendered":"<p>Boutique Les Planches d\u2019Exception<\/p>\n","protected":false},"author":2,"featured_media":0,"parent":0,"menu_order":0,"comment_status":"closed","ping_status":"closed","template":"","meta":{"ocean_post_layout":"","ocean_both_sidebars_style":"","ocean_both_sidebars_content_width":0,"ocean_both_sidebars_sidebars_width":0,"ocean_sidebar":"","ocean_second_sidebar":"","ocean_disable_margins":"enable","ocean_add_body_class":"","ocean_shortcode_before_top_bar":"","ocean_shortcode_after_top_bar":"","ocean_shortcode_before_header":"","ocean_shortcode_after_header":"","ocean_has_shortcode":"","ocean_shortcode_after_title":"","ocean_shortcode_before_footer_widgets":"","ocean_shortcode_after_footer_widgets":"","ocean_shortcode_before_footer_bottom":"","ocean_shortcode_after_footer_bottom":"","ocean_display_top_bar":"default","ocean_display_header":"default","ocean_header_style":"","ocean_center_header_left_menu":"","ocean_custom_header_template":"","ocean_custom_logo":0,"ocean_custom_retina_logo":0,"ocean_custom_logo_max_width":0,"ocean_custom_logo_tablet_max_width":0,"ocean_custom_logo_mobile_max_width":0,"ocean_custom_logo_max_height":0,"ocean_custom_logo_tablet_max_height":0,"ocean_custom_logo_mobile_max_height":0,"ocean_header_custom_menu":"","ocean_menu_typo_font_family":"","ocean_menu_typo_font_subset":"","ocean_menu_typo_font_size":0,"ocean_menu_typo_font_size_tablet":0,"ocean_menu_typo_font_size_mobile":0,"ocean_menu_typo_font_size_unit":"px","ocean_menu_typo_font_weight":"","ocean_menu_typo_font_weight_tablet":"","ocean_menu_typo_font_weight_mobile":"","ocean_menu_typo_transform":"","ocean_menu_typo_transform_tablet":"","ocean_menu_typo_transform_mobile":"","ocean_menu_typo_line_height":0,"ocean_menu_typo_line_height_tablet":0,"ocean_menu_typo_line_height_mobile":0,"ocean_menu_typo_line_height_unit":"","ocean_menu_typo_spacing":0,"ocean_menu_typo_spacing_tablet":0,"ocean_menu_typo_spacing_mobile":0,"ocean_menu_typo_spacing_unit":"","ocean_menu_link_color":"","ocean_menu_link_color_hover":"","ocean_menu_link_color_active":"","ocean_menu_link_background":"","ocean_menu_link_hover_background":"","ocean_menu_link_active_background":"","ocean_menu_social_links_bg":"","ocean_menu_social_hover_links_bg":"","ocean_menu_social_links_color":"","ocean_menu_social_hover_links_color":"","ocean_disable_title":"default","ocean_disable_heading":"default","ocean_post_title":"","ocean_post_subheading":"","ocean_post_title_style":"","ocean_post_title_background_color":"","ocean_post_title_background":0,"ocean_post_title_bg_image_position":"","ocean_post_title_bg_image_attachment":"","ocean_post_title_bg_image_repeat":"","ocean_post_title_bg_image_size":"","ocean_post_title_height":0,"ocean_post_title_bg_overlay":0.5,"ocean_post_title_bg_overlay_color":"","ocean_disable_breadcrumbs":"default","ocean_breadcrumbs_color":"","ocean_breadcrumbs_separator_color":"","ocean_breadcrumbs_links_color":"","ocean_breadcrumbs_links_hover_color":"","ocean_display_footer_widgets":"default","ocean_display_footer_bottom":"default","ocean_custom_footer_template":"","footnotes":""},"class_list":["post-1097","page","type-page","status-publish","hentry","entry"],"_links":{"self":[{"href":"https:\/\/45mind.com\/index.php\/wp-json\/wp\/v2\/pages\/1097","targetHints":{"allow":["GET"]}}],"collection":[{"href":"https:\/\/45mind.com\/index.php\/wp-json\/wp\/v2\/pages"}],"about":[{"href":"https:\/\/45mind.com\/index.php\/wp-json\/wp\/v2\/types\/page"}],"author":[{"embeddable":true,"href":"https:\/\/45mind.com\/index.php\/wp-json\/wp\/v2\/users\/2"}],"replies":[{"embeddable":true,"href":"https:\/\/45mind.com\/index.php\/wp-json\/wp\/v2\/comments?post=1097"}],"version-history":[{"count":10,"href":"https:\/\/45mind.com\/index.php\/wp-json\/wp\/v2\/pages\/1097\/revisions"}],"predecessor-version":[{"id":1120,"href":"https:\/\/45mind.com\/index.php\/wp-json\/wp\/v2\/pages\/1097\/revisions\/1120"}],"wp:attachment":[{"href":"https:\/\/45mind.com\/index.php\/wp-json\/wp\/v2\/media?parent=1097"}],"curies":[{"name":"wp","href":"https:\/\/api.w.org\/{rel}","templated":true}]}}