{"id":258,"date":"2021-12-04T18:40:02","date_gmt":"2021-12-04T17:40:02","guid":{"rendered":"https:\/\/45mind.com\/?page_id=258"},"modified":"2022-01-09T15:03:21","modified_gmt":"2022-01-09T14:03:21","slug":"boutique-plateaux","status":"publish","type":"page","link":"https:\/\/45mind.com\/index.php\/boutique-plateaux\/","title":{"rendered":"Boutique Plateaux"},"content":{"rendered":"\t\t<div data-elementor-type=\"wp-page\" data-elementor-id=\"258\" class=\"elementor elementor-258\" data-elementor-post-type=\"page\">\n\t\t\t\t\t\t<section class=\"elementor-section elementor-top-section elementor-element elementor-element-228f24e elementor-section-boxed elementor-section-height-default elementor-section-height-default\" data-id=\"228f24e\" data-element_type=\"section\" data-e-type=\"section\">\n\t\t\t\t\t\t<div class=\"elementor-container elementor-column-gap-default\">\n\t\t\t\t\t<div class=\"elementor-column elementor-col-100 elementor-top-column elementor-element elementor-element-7b32789\" data-id=\"7b32789\" data-element_type=\"column\" data-e-type=\"column\">\n\t\t\t<div class=\"elementor-widget-wrap elementor-element-populated\">\n\t\t\t\t\t\t<div class=\"elementor-element elementor-element-4d57ce2 elementor-widget elementor-widget-heading\" data-id=\"4d57ce2\" data-element_type=\"widget\" data-e-type=\"widget\" data-widget_type=\"heading.default\">\n\t\t\t\t<div class=\"elementor-widget-container\">\n\t\t\t\t\t<h2 class=\"elementor-heading-title elementor-size-default\">Boutique plateaux<\/h2>\t\t\t\t<\/div>\n\t\t\t\t<\/div>\n\t\t\t\t\t<\/div>\n\t\t<\/div>\n\t\t\t\t\t<\/div>\n\t\t<\/section>\n\t\t\t\t<section class=\"elementor-section elementor-top-section elementor-element elementor-element-cf93695 elementor-section-boxed elementor-section-height-default elementor-section-height-default\" data-id=\"cf93695\" data-element_type=\"section\" data-e-type=\"section\">\n\t\t\t\t\t\t<div class=\"elementor-container elementor-column-gap-default\">\n\t\t\t\t\t<div class=\"elementor-column elementor-col-100 elementor-top-column elementor-element elementor-element-f26bb8a\" data-id=\"f26bb8a\" data-element_type=\"column\" data-e-type=\"column\">\n\t\t\t<div class=\"elementor-widget-wrap elementor-element-populated\">\n\t\t\t\t\t\t<div class=\"elementor-element elementor-element-dc6183c elementor-grid-3 elementor-product-loop-item--align-center elementor-grid-tablet-3 elementor-grid-mobile-2 elementor-products-grid elementor-wc-products elementor-widget elementor-widget-woocommerce-products\" data-id=\"dc6183c\" data-element_type=\"widget\" data-e-type=\"widget\" data-widget_type=\"woocommerce-products.default\">\n\t\t\t\t<div class=\"elementor-widget-container\">\n\t\t\t\t\t<div class=\"woocommerce columns-3 \">\r\n<ul class=\"products elementor-grid oceanwp-row clr grid tablet-col tablet-2-col mobile-col mobile-1-col\">\r\n<li class=\"entry has-media product type-product post-1075 status-publish first instock product_cat-plateaux has-post-thumbnail taxable shipping-taxable purchasable product-type-simple\">\n\t<a href=\"https:\/\/45mind.com\/index.php\/produit\/plateau-en-chene\/\" class=\"woocommerce-LoopProduct-link woocommerce-loop-product__link\"><img fetchpriority=\"high\" decoding=\"async\" width=\"300\" height=\"225\" src=\"https:\/\/45mind.com\/wp-content\/uploads\/2024\/11\/IMG_1097-300x225.jpeg\" class=\"attachment-woocommerce_thumbnail size-woocommerce_thumbnail\" alt=\"Plateau en ch\u00eane\" srcset=\"https:\/\/45mind.com\/wp-content\/uploads\/2024\/11\/IMG_1097-300x225.jpeg 300w, https:\/\/45mind.com\/wp-content\/uploads\/2024\/11\/IMG_1097-1024x768.jpeg 1024w, https:\/\/45mind.com\/wp-content\/uploads\/2024\/11\/IMG_1097-768x576.jpeg 768w, https:\/\/45mind.com\/wp-content\/uploads\/2024\/11\/IMG_1097-1536x1152.jpeg 1536w, https:\/\/45mind.com\/wp-content\/uploads\/2024\/11\/IMG_1097-2048x1536.jpeg 2048w, https:\/\/45mind.com\/wp-content\/uploads\/2024\/11\/IMG_1097-600x450.jpeg 600w, https:\/\/45mind.com\/wp-content\/uploads\/2024\/11\/IMG_1097-80x60.jpeg 80w, https:\/\/45mind.com\/wp-content\/uploads\/2024\/11\/IMG_1097-120x90.jpeg 120w\" sizes=\"(max-width: 300px) 100vw, 300px\" \/><h2 class=\"woocommerce-loop-product__title\">Plateau en ch\u00eane<\/h2>\n\t<span class=\"price\"><span class=\"woocommerce-Price-amount amount\"><bdi>45,00<span class=\"woocommerce-Price-currencySymbol\">&euro;<\/span><\/bdi><\/span><\/span>\n<\/a><form action=\"\/index.php\/wp-json\/wp\/v2\/pages\/258?add-to-cart=1075\" class=\"cart\" method=\"post\" enctype=\"multipart\/form-data\" onsubmit=\"return false;\">\n        <div class=\"quantity\">\n\t\t<label class=\"screen-reader-text\" for=\"quantity_69eb78751e62e\">quantit\u00e9 de Plateau en ch\u00eane<\/label>\n\t<input\n\t\ttype=\"number\"\n\t\t\t\tid=\"quantity_69eb78751e62e\"\n\t\tclass=\"input-text qty text\"\n\t\tname=\"quantity\"\n\t\tvalue=\"1\"\n\t\taria-label=\"Quantit\u00e9 de produits\"\n\t\t\t\tmin=\"1\"\n\t\t\t\t\t\t\tstep=\"1\"\n\t\t\tplaceholder=\"\"\n\t\t\tinputmode=\"numeric\"\n\t\t\tautocomplete=\"off\"\n\t\t\t\/>\n\t<\/div>\n<\/form>\n<a href=\"\/index.php\/wp-json\/wp\/v2\/pages\/258?add-to-cart=1075\" data-quantity=\"1\" class=\"button alt ajax_add_to_cart add_to_cart_button product_type_simple single_add_to_cart_button wbu-hide hide\" data-product_id=\"1075\">Ajouter au panier<\/a>\t<span id=\"woocommerce_loop_add_to_cart_link_describedby_1075\" class=\"screen-reader-text\">\n\t\t\t<\/span>\n<\/li>\n<li class=\"entry has-media product type-product post-981 status-publish instock product_cat-plateaux has-post-thumbnail taxable shipping-taxable purchasable product-type-simple\">\n\t<a href=\"https:\/\/45mind.com\/index.php\/produit\/plateau-en-chene-et-resine-3\/\" class=\"woocommerce-LoopProduct-link woocommerce-loop-product__link\"><img decoding=\"async\" width=\"300\" height=\"225\" src=\"https:\/\/45mind.com\/wp-content\/uploads\/2023\/09\/IMG_5176-300x225.jpeg\" class=\"attachment-woocommerce_thumbnail size-woocommerce_thumbnail\" alt=\"Plateau en ch\u00eane et r\u00e9sine\" srcset=\"https:\/\/45mind.com\/wp-content\/uploads\/2023\/09\/IMG_5176-300x225.jpeg 300w, https:\/\/45mind.com\/wp-content\/uploads\/2023\/09\/IMG_5176-1024x768.jpeg 1024w, https:\/\/45mind.com\/wp-content\/uploads\/2023\/09\/IMG_5176-768x576.jpeg 768w, https:\/\/45mind.com\/wp-content\/uploads\/2023\/09\/IMG_5176-1536x1152.jpeg 1536w, https:\/\/45mind.com\/wp-content\/uploads\/2023\/09\/IMG_5176-2048x1536.jpeg 2048w, https:\/\/45mind.com\/wp-content\/uploads\/2023\/09\/IMG_5176-600x450.jpeg 600w, https:\/\/45mind.com\/wp-content\/uploads\/2023\/09\/IMG_5176-80x60.jpeg 80w, https:\/\/45mind.com\/wp-content\/uploads\/2023\/09\/IMG_5176-120x90.jpeg 120w\" sizes=\"(max-width: 300px) 100vw, 300px\" \/><h2 class=\"woocommerce-loop-product__title\">Plateau en ch\u00eane et r\u00e9sine<\/h2>\n\t<span class=\"price\"><span class=\"woocommerce-Price-amount amount\"><bdi>70,00<span class=\"woocommerce-Price-currencySymbol\">&euro;<\/span><\/bdi><\/span><\/span>\n<\/a><form action=\"\/index.php\/wp-json\/wp\/v2\/pages\/258?add-to-cart=981\" class=\"cart\" method=\"post\" enctype=\"multipart\/form-data\" onsubmit=\"return false;\">\n        <div class=\"quantity\">\n\t\t<label class=\"screen-reader-text\" for=\"quantity_69eb78751f3bd\">quantit\u00e9 de Plateau en ch\u00eane et r\u00e9sine<\/label>\n\t<input\n\t\ttype=\"number\"\n\t\t\t\tid=\"quantity_69eb78751f3bd\"\n\t\tclass=\"input-text qty text\"\n\t\tname=\"quantity\"\n\t\tvalue=\"1\"\n\t\taria-label=\"Quantit\u00e9 de produits\"\n\t\t\t\tmin=\"1\"\n\t\t\t\t\t\t\tstep=\"1\"\n\t\t\tplaceholder=\"\"\n\t\t\tinputmode=\"numeric\"\n\t\t\tautocomplete=\"off\"\n\t\t\t\/>\n\t<\/div>\n<\/form>\n<a href=\"\/index.php\/wp-json\/wp\/v2\/pages\/258?add-to-cart=981\" data-quantity=\"1\" class=\"button alt ajax_add_to_cart add_to_cart_button product_type_simple single_add_to_cart_button wbu-hide hide\" data-product_id=\"981\">Ajouter au panier<\/a>\t<span id=\"woocommerce_loop_add_to_cart_link_describedby_981\" class=\"screen-reader-text\">\n\t\t\t<\/span>\n<\/li>\n<li class=\"entry has-media product type-product post-1036 status-publish last outofstock product_cat-plateaux has-post-thumbnail taxable shipping-taxable purchasable product-type-simple\">\n\t<a href=\"https:\/\/45mind.com\/index.php\/produit\/plateau-en-noyer\/\" class=\"woocommerce-LoopProduct-link woocommerce-loop-product__link\"><img decoding=\"async\" width=\"300\" height=\"400\" src=\"https:\/\/45mind.com\/wp-content\/uploads\/2023\/12\/5E0926E2-C06A-44A8-A51F-F2A8E3D661FA-300x400.jpeg\" class=\"attachment-woocommerce_thumbnail size-woocommerce_thumbnail\" alt=\"Plateau en noyer et r\u00e9sine SUR COMMANDE\" srcset=\"https:\/\/45mind.com\/wp-content\/uploads\/2023\/12\/5E0926E2-C06A-44A8-A51F-F2A8E3D661FA-300x400.jpeg 300w, https:\/\/45mind.com\/wp-content\/uploads\/2023\/12\/5E0926E2-C06A-44A8-A51F-F2A8E3D661FA-225x300.jpeg 225w, https:\/\/45mind.com\/wp-content\/uploads\/2023\/12\/5E0926E2-C06A-44A8-A51F-F2A8E3D661FA-768x1024.jpeg 768w, https:\/\/45mind.com\/wp-content\/uploads\/2023\/12\/5E0926E2-C06A-44A8-A51F-F2A8E3D661FA-1152x1536.jpeg 1152w, https:\/\/45mind.com\/wp-content\/uploads\/2023\/12\/5E0926E2-C06A-44A8-A51F-F2A8E3D661FA-1536x2048.jpeg 1536w, https:\/\/45mind.com\/wp-content\/uploads\/2023\/12\/5E0926E2-C06A-44A8-A51F-F2A8E3D661FA-600x800.jpeg 600w, https:\/\/45mind.com\/wp-content\/uploads\/2023\/12\/5E0926E2-C06A-44A8-A51F-F2A8E3D661FA-45x60.jpeg 45w, https:\/\/45mind.com\/wp-content\/uploads\/2023\/12\/5E0926E2-C06A-44A8-A51F-F2A8E3D661FA-68x90.jpeg 68w, https:\/\/45mind.com\/wp-content\/uploads\/2023\/12\/5E0926E2-C06A-44A8-A51F-F2A8E3D661FA-scaled.jpeg 1920w\" sizes=\"(max-width: 300px) 100vw, 300px\" \/><h2 class=\"woocommerce-loop-product__title\">Plateau en noyer et r\u00e9sine SUR COMMANDE<\/h2>\n\t<span class=\"price\"><span class=\"woocommerce-Price-amount amount\"><bdi>70,00<span class=\"woocommerce-Price-currencySymbol\">&euro;<\/span><\/bdi><\/span><\/span>\n<\/a><a href=\"https:\/\/45mind.com\/index.php\/produit\/plateau-en-noyer\/\" aria-describedby=\"woocommerce_loop_add_to_cart_link_describedby_1036\" data-quantity=\"1\" class=\"button product_type_simple\" data-product_id=\"1036\" data-product_sku=\"\" aria-label=\"En savoir plus sur &ldquo;Plateau en noyer et r\u00e9sine SUR COMMANDE&rdquo;\" rel=\"nofollow\" data-success_message=\"\">Lire la suite<\/a>\t<span id=\"woocommerce_loop_add_to_cart_link_describedby_1036\" class=\"screen-reader-text\">\n\t\t\t<\/span>\n<\/li>\n<li class=\"entry has-media product type-product post-360 status-publish first instock product_cat-plateaux has-post-thumbnail taxable shipping-taxable purchasable product-type-simple\">\n\t<a href=\"https:\/\/45mind.com\/index.php\/produit\/plateau-en-chene-et-resine\/\" class=\"woocommerce-LoopProduct-link woocommerce-loop-product__link\"><img loading=\"lazy\" decoding=\"async\" width=\"300\" height=\"400\" src=\"https:\/\/45mind.com\/wp-content\/uploads\/2021\/12\/76-1-1-300x400.jpeg\" class=\"attachment-woocommerce_thumbnail size-woocommerce_thumbnail\" alt=\"Plateau &quot;La rivi\u00e8re&quot; SUR COMMANDE\" srcset=\"https:\/\/45mind.com\/wp-content\/uploads\/2021\/12\/76-1-1-300x400.jpeg 300w, https:\/\/45mind.com\/wp-content\/uploads\/2021\/12\/76-1-1-225x300.jpeg 225w, https:\/\/45mind.com\/wp-content\/uploads\/2021\/12\/76-1-1-768x1024.jpeg 768w, https:\/\/45mind.com\/wp-content\/uploads\/2021\/12\/76-1-1-1152x1536.jpeg 1152w, https:\/\/45mind.com\/wp-content\/uploads\/2021\/12\/76-1-1-1536x2048.jpeg 1536w, https:\/\/45mind.com\/wp-content\/uploads\/2021\/12\/76-1-1-600x800.jpeg 600w, https:\/\/45mind.com\/wp-content\/uploads\/2021\/12\/76-1-1-scaled.jpeg 1920w\" sizes=\"(max-width: 300px) 100vw, 300px\" \/><h2 class=\"woocommerce-loop-product__title\">Plateau \u00ab\u00a0La rivi\u00e8re\u00a0\u00bb SUR COMMANDE<\/h2>\n\t<span class=\"price\"><span class=\"woocommerce-Price-amount amount\"><bdi>70,00<span class=\"woocommerce-Price-currencySymbol\">&euro;<\/span><\/bdi><\/span><\/span>\n<\/a><form action=\"\/index.php\/wp-json\/wp\/v2\/pages\/258?add-to-cart=360\" class=\"cart\" method=\"post\" enctype=\"multipart\/form-data\" onsubmit=\"return false;\">\n        <div class=\"quantity\">\n\t\t<label class=\"screen-reader-text\" for=\"quantity_69eb7875209b4\">quantit\u00e9 de Plateau &quot;La rivi\u00e8re&quot; SUR COMMANDE<\/label>\n\t<input\n\t\ttype=\"number\"\n\t\t\t\tid=\"quantity_69eb7875209b4\"\n\t\tclass=\"input-text qty text\"\n\t\tname=\"quantity\"\n\t\tvalue=\"1\"\n\t\taria-label=\"Quantit\u00e9 de produits\"\n\t\t\t\tmin=\"1\"\n\t\t\t\t\t\t\tstep=\"1\"\n\t\t\tplaceholder=\"\"\n\t\t\tinputmode=\"numeric\"\n\t\t\tautocomplete=\"off\"\n\t\t\t\/>\n\t<\/div>\n<\/form>\n<a href=\"\/index.php\/wp-json\/wp\/v2\/pages\/258?add-to-cart=360\" data-quantity=\"1\" class=\"button alt ajax_add_to_cart add_to_cart_button product_type_simple single_add_to_cart_button wbu-hide hide\" data-product_id=\"360\">Ajouter au panier<\/a>\t<span id=\"woocommerce_loop_add_to_cart_link_describedby_360\" class=\"screen-reader-text\">\n\t\t\t<\/span>\n<\/li>\n<li class=\"entry has-media product type-product post-365 status-publish instock product_cat-plateaux has-post-thumbnail taxable shipping-taxable purchasable product-type-simple\">\n\t<a href=\"https:\/\/45mind.com\/index.php\/produit\/plateau-en-noyer-et-resine\/\" class=\"woocommerce-LoopProduct-link woocommerce-loop-product__link\"><img loading=\"lazy\" decoding=\"async\" width=\"300\" height=\"400\" src=\"https:\/\/45mind.com\/wp-content\/uploads\/2021\/12\/77-1-300x400.jpeg\" class=\"attachment-woocommerce_thumbnail size-woocommerce_thumbnail\" alt=\"Plateau &quot;Le chauvin&quot; SUR COMMANDE\" srcset=\"https:\/\/45mind.com\/wp-content\/uploads\/2021\/12\/77-1-300x400.jpeg 300w, https:\/\/45mind.com\/wp-content\/uploads\/2021\/12\/77-1-225x300.jpeg 225w, https:\/\/45mind.com\/wp-content\/uploads\/2021\/12\/77-1-768x1024.jpeg 768w, https:\/\/45mind.com\/wp-content\/uploads\/2021\/12\/77-1-1152x1536.jpeg 1152w, https:\/\/45mind.com\/wp-content\/uploads\/2021\/12\/77-1-1536x2048.jpeg 1536w, https:\/\/45mind.com\/wp-content\/uploads\/2021\/12\/77-1-600x800.jpeg 600w, https:\/\/45mind.com\/wp-content\/uploads\/2021\/12\/77-1-scaled.jpeg 1920w\" sizes=\"(max-width: 300px) 100vw, 300px\" \/><h2 class=\"woocommerce-loop-product__title\">Plateau \u00ab\u00a0Le chauvin\u00a0\u00bb SUR COMMANDE<\/h2>\n\t<span class=\"price\"><span class=\"woocommerce-Price-amount amount\"><bdi>70,00<span class=\"woocommerce-Price-currencySymbol\">&euro;<\/span><\/bdi><\/span><\/span>\n<\/a><form action=\"\/index.php\/wp-json\/wp\/v2\/pages\/258?add-to-cart=365\" class=\"cart\" method=\"post\" enctype=\"multipart\/form-data\" onsubmit=\"return false;\">\n        <div class=\"quantity\">\n\t\t<label class=\"screen-reader-text\" for=\"quantity_69eb7875215ce\">quantit\u00e9 de Plateau &quot;Le chauvin&quot; SUR COMMANDE<\/label>\n\t<input\n\t\ttype=\"number\"\n\t\t\t\tid=\"quantity_69eb7875215ce\"\n\t\tclass=\"input-text qty text\"\n\t\tname=\"quantity\"\n\t\tvalue=\"1\"\n\t\taria-label=\"Quantit\u00e9 de produits\"\n\t\t\t\tmin=\"1\"\n\t\t\t\t\t\t\tstep=\"1\"\n\t\t\tplaceholder=\"\"\n\t\t\tinputmode=\"numeric\"\n\t\t\tautocomplete=\"off\"\n\t\t\t\/>\n\t<\/div>\n<\/form>\n<a href=\"\/index.php\/wp-json\/wp\/v2\/pages\/258?add-to-cart=365\" data-quantity=\"1\" class=\"button alt ajax_add_to_cart add_to_cart_button product_type_simple single_add_to_cart_button wbu-hide hide\" data-product_id=\"365\">Ajouter au panier<\/a>\t<span id=\"woocommerce_loop_add_to_cart_link_describedby_365\" class=\"screen-reader-text\">\n\t\t\t<\/span>\n<\/li>\n<li class=\"entry has-media product type-product post-563 status-publish last instock product_cat-plateaux has-post-thumbnail taxable shipping-taxable purchasable product-type-simple\">\n\t<a href=\"https:\/\/45mind.com\/index.php\/produit\/plateau-en-chene-et-resine-2\/\" class=\"woocommerce-LoopProduct-link woocommerce-loop-product__link\"><img loading=\"lazy\" decoding=\"async\" width=\"300\" height=\"400\" src=\"https:\/\/45mind.com\/wp-content\/uploads\/2021\/12\/AE8692D6-9039-44B5-939C-BD371D5706B4-300x400.jpeg\" class=\"attachment-woocommerce_thumbnail size-woocommerce_thumbnail\" alt=\"Plateau &quot;Caf\u00e9&quot;\" srcset=\"https:\/\/45mind.com\/wp-content\/uploads\/2021\/12\/AE8692D6-9039-44B5-939C-BD371D5706B4-300x400.jpeg 300w, https:\/\/45mind.com\/wp-content\/uploads\/2021\/12\/AE8692D6-9039-44B5-939C-BD371D5706B4-225x300.jpeg 225w, https:\/\/45mind.com\/wp-content\/uploads\/2021\/12\/AE8692D6-9039-44B5-939C-BD371D5706B4-768x1025.jpeg 768w, https:\/\/45mind.com\/wp-content\/uploads\/2021\/12\/AE8692D6-9039-44B5-939C-BD371D5706B4-1151x1536.jpeg 1151w, https:\/\/45mind.com\/wp-content\/uploads\/2021\/12\/AE8692D6-9039-44B5-939C-BD371D5706B4-1535x2048.jpeg 1535w, https:\/\/45mind.com\/wp-content\/uploads\/2021\/12\/AE8692D6-9039-44B5-939C-BD371D5706B4-600x801.jpeg 600w, https:\/\/45mind.com\/wp-content\/uploads\/2021\/12\/AE8692D6-9039-44B5-939C-BD371D5706B4.jpeg 1574w\" sizes=\"(max-width: 300px) 100vw, 300px\" \/><h2 class=\"woocommerce-loop-product__title\">Plateau \u00ab\u00a0Caf\u00e9\u00a0\u00bb<\/h2>\n\t<span class=\"price\"><span class=\"woocommerce-Price-amount amount\"><bdi>80,00<span class=\"woocommerce-Price-currencySymbol\">&euro;<\/span><\/bdi><\/span><\/span>\n<\/a><form action=\"\/index.php\/wp-json\/wp\/v2\/pages\/258?add-to-cart=563\" class=\"cart\" method=\"post\" enctype=\"multipart\/form-data\" onsubmit=\"return false;\">\n        <div class=\"quantity\">\n\t\t<label class=\"screen-reader-text\" for=\"quantity_69eb7875221d6\">quantit\u00e9 de Plateau &quot;Caf\u00e9&quot;<\/label>\n\t<input\n\t\ttype=\"number\"\n\t\t\t\tid=\"quantity_69eb7875221d6\"\n\t\tclass=\"input-text qty text\"\n\t\tname=\"quantity\"\n\t\tvalue=\"1\"\n\t\taria-label=\"Quantit\u00e9 de produits\"\n\t\t\t\tmin=\"1\"\n\t\t\t\t\t\t\tstep=\"1\"\n\t\t\tplaceholder=\"\"\n\t\t\tinputmode=\"numeric\"\n\t\t\tautocomplete=\"off\"\n\t\t\t\/>\n\t<\/div>\n<\/form>\n<a href=\"\/index.php\/wp-json\/wp\/v2\/pages\/258?add-to-cart=563\" data-quantity=\"1\" class=\"button alt ajax_add_to_cart add_to_cart_button product_type_simple single_add_to_cart_button wbu-hide hide\" data-product_id=\"563\">Ajouter au panier<\/a>\t<span id=\"woocommerce_loop_add_to_cart_link_describedby_563\" class=\"screen-reader-text\">\n\t\t\t<\/span>\n<\/li>\n<\/ul>\n<\/div>\t\t\t\t<\/div>\n\t\t\t\t<\/div>\n\t\t\t\t\t<\/div>\n\t\t<\/div>\n\t\t\t\t\t<\/div>\n\t\t<\/section>\n\t\t\t\t<\/div>\n\t\t","protected":false},"excerpt":{"rendered":"<p>Boutique plateaux<\/p>\n","protected":false},"author":2,"featured_media":319,"parent":0,"menu_order":0,"comment_status":"closed","ping_status":"closed","template":"","meta":{"ocean_post_layout":"","ocean_both_sidebars_style":"","ocean_both_sidebars_content_width":0,"ocean_both_sidebars_sidebars_width":0,"ocean_sidebar":"0","ocean_second_sidebar":"0","ocean_disable_margins":"enable","ocean_add_body_class":"","ocean_shortcode_before_top_bar":"","ocean_shortcode_after_top_bar":"","ocean_shortcode_before_header":"","ocean_shortcode_after_header":"","ocean_has_shortcode":"","ocean_shortcode_after_title":"","ocean_shortcode_before_footer_widgets":"","ocean_shortcode_after_footer_widgets":"","ocean_shortcode_before_footer_bottom":"","ocean_shortcode_after_footer_bottom":"","ocean_display_top_bar":"default","ocean_display_header":"default","ocean_header_style":"","ocean_center_header_left_menu":"0","ocean_custom_header_template":"0","ocean_custom_logo":0,"ocean_custom_retina_logo":0,"ocean_custom_logo_max_width":0,"ocean_custom_logo_tablet_max_width":0,"ocean_custom_logo_mobile_max_width":0,"ocean_custom_logo_max_height":0,"ocean_custom_logo_tablet_max_height":0,"ocean_custom_logo_mobile_max_height":0,"ocean_header_custom_menu":"0","ocean_menu_typo_font_family":"0","ocean_menu_typo_font_subset":"","ocean_menu_typo_font_size":0,"ocean_menu_typo_font_size_tablet":0,"ocean_menu_typo_font_size_mobile":0,"ocean_menu_typo_font_size_unit":"px","ocean_menu_typo_font_weight":"","ocean_menu_typo_font_weight_tablet":"","ocean_menu_typo_font_weight_mobile":"","ocean_menu_typo_transform":"","ocean_menu_typo_transform_tablet":"","ocean_menu_typo_transform_mobile":"","ocean_menu_typo_line_height":0,"ocean_menu_typo_line_height_tablet":0,"ocean_menu_typo_line_height_mobile":0,"ocean_menu_typo_line_height_unit":"","ocean_menu_typo_spacing":0,"ocean_menu_typo_spacing_tablet":0,"ocean_menu_typo_spacing_mobile":0,"ocean_menu_typo_spacing_unit":"","ocean_menu_link_color":"","ocean_menu_link_color_hover":"","ocean_menu_link_color_active":"","ocean_menu_link_background":"","ocean_menu_link_hover_background":"","ocean_menu_link_active_background":"","ocean_menu_social_links_bg":"","ocean_menu_social_hover_links_bg":"","ocean_menu_social_links_color":"","ocean_menu_social_hover_links_color":"","ocean_disable_title":"default","ocean_disable_heading":"default","ocean_post_title":"","ocean_post_subheading":"","ocean_post_title_style":"","ocean_post_title_background_color":"","ocean_post_title_background":0,"ocean_post_title_bg_image_position":"","ocean_post_title_bg_image_attachment":"","ocean_post_title_bg_image_repeat":"","ocean_post_title_bg_image_size":"","ocean_post_title_height":0,"ocean_post_title_bg_overlay":0.5,"ocean_post_title_bg_overlay_color":"","ocean_disable_breadcrumbs":"default","ocean_breadcrumbs_color":"","ocean_breadcrumbs_separator_color":"","ocean_breadcrumbs_links_color":"","ocean_breadcrumbs_links_hover_color":"","ocean_display_footer_widgets":"default","ocean_display_footer_bottom":"default","ocean_custom_footer_template":"0","footnotes":""},"class_list":["post-258","page","type-page","status-publish","has-post-thumbnail","hentry","entry","has-media"],"_links":{"self":[{"href":"https:\/\/45mind.com\/index.php\/wp-json\/wp\/v2\/pages\/258","targetHints":{"allow":["GET"]}}],"collection":[{"href":"https:\/\/45mind.com\/index.php\/wp-json\/wp\/v2\/pages"}],"about":[{"href":"https:\/\/45mind.com\/index.php\/wp-json\/wp\/v2\/types\/page"}],"author":[{"embeddable":true,"href":"https:\/\/45mind.com\/index.php\/wp-json\/wp\/v2\/users\/2"}],"replies":[{"embeddable":true,"href":"https:\/\/45mind.com\/index.php\/wp-json\/wp\/v2\/comments?post=258"}],"version-history":[{"count":14,"href":"https:\/\/45mind.com\/index.php\/wp-json\/wp\/v2\/pages\/258\/revisions"}],"predecessor-version":[{"id":674,"href":"https:\/\/45mind.com\/index.php\/wp-json\/wp\/v2\/pages\/258\/revisions\/674"}],"wp:featuredmedia":[{"embeddable":true,"href":"https:\/\/45mind.com\/index.php\/wp-json\/wp\/v2\/media\/319"}],"wp:attachment":[{"href":"https:\/\/45mind.com\/index.php\/wp-json\/wp\/v2\/media?parent=258"}],"curies":[{"name":"wp","href":"https:\/\/api.w.org\/{rel}","templated":true}]}}