{"id":1033,"date":"2023-12-11T11:15:49","date_gmt":"2023-12-11T10:15:49","guid":{"rendered":"https:\/\/45mind.com\/?post_type=product&#038;p=1033"},"modified":"2024-12-28T12:43:21","modified_gmt":"2024-12-28T11:43:21","slug":"planche-en-hetre-2","status":"publish","type":"product","link":"https:\/\/45mind.com\/index.php\/produit\/planche-en-hetre-2\/","title":{"rendered":"Planche en H\u00eatre SUR COMMANDE"},"content":{"rendered":"<p>\ud83c\udf33 Essence de bois: H\u00eatre<\/p>\n<p>\ud83d\udcd0 Dimensions: 39 x 26 x 1,5cm (+\/-)<\/p>\n<p>\ud83e\uddfd Lavage: Le lavage \u00e0 la main est recommand\u00e9. Evitez d\u2019utiliser du liquide vaisselle. Nettoyage avec une \u00e9ponge humide. Apr\u00e8s nettoyage, essuyer avec un chiffon et laisser s\u00e9cher \u00e0 la verticale.<\/p>\n<p style=\"text-align: left;\">\ud83d\udca1 Finition: Toutes nos planches sont trait\u00e9es soit avec l\u2019huile Walrus Oil\u00ae (m\u00e9lange d\u2019huile de noix de coco, d\u2019huile min\u00e9rale et de cire d\u2019abeille) soit avec une cire artisanale faite d\u2019huile min\u00e9rale et de cire d\u2019abeille. Les deux sont conformes aux normes de la FDA sur la salubrit\u00e9 alimentaire.<\/p>\n","protected":false},"excerpt":{"rendered":"<p>\ud83c\udf33 Essence de bois: H\u00eatre \ud83d\udcd0 Dimensions: 39 x 26 x 1,5cm (+\/-) \ud83e\uddfd Lavage: Le lavage \u00e0 la main est recommand\u00e9. Evitez d\u2019utiliser du liquide vaisselle. Nettoyage avec une \u00e9ponge humide. Apr\u00e8s nettoyage, essuyer avec un chiffon et laisser s\u00e9cher \u00e0 la verticale. \ud83d\udca1 Finition: Toutes nos planches sont trait\u00e9es soit avec l\u2019huile Walrus [&hellip;]<\/p>\n","protected":false},"featured_media":1034,"template":"","meta":{"ocean_post_layout":"","ocean_both_sidebars_style":"","ocean_both_sidebars_content_width":0,"ocean_both_sidebars_sidebars_width":0,"ocean_sidebar":"0","ocean_second_sidebar":"0","ocean_disable_margins":"enable","ocean_add_body_class":"","ocean_shortcode_before_top_bar":"","ocean_shortcode_after_top_bar":"","ocean_shortcode_before_header":"","ocean_shortcode_after_header":"","ocean_has_shortcode":"","ocean_shortcode_after_title":"","ocean_shortcode_before_footer_widgets":"","ocean_shortcode_after_footer_widgets":"","ocean_shortcode_before_footer_bottom":"","ocean_shortcode_after_footer_bottom":"","ocean_display_top_bar":"default","ocean_display_header":"default","ocean_header_style":"","ocean_center_header_left_menu":"0","ocean_custom_header_template":"0","ocean_custom_logo":0,"ocean_custom_retina_logo":0,"ocean_custom_logo_max_width":0,"ocean_custom_logo_tablet_max_width":0,"ocean_custom_logo_mobile_max_width":0,"ocean_custom_logo_max_height":0,"ocean_custom_logo_tablet_max_height":0,"ocean_custom_logo_mobile_max_height":0,"ocean_header_custom_menu":"0","ocean_menu_typo_font_family":"0","ocean_menu_typo_font_subset":"","ocean_menu_typo_font_size":0,"ocean_menu_typo_font_size_tablet":0,"ocean_menu_typo_font_size_mobile":0,"ocean_menu_typo_font_size_unit":"px","ocean_menu_typo_font_weight":"","ocean_menu_typo_font_weight_tablet":"","ocean_menu_typo_font_weight_mobile":"","ocean_menu_typo_transform":"","ocean_menu_typo_transform_tablet":"","ocean_menu_typo_transform_mobile":"","ocean_menu_typo_line_height":0,"ocean_menu_typo_line_height_tablet":0,"ocean_menu_typo_line_height_mobile":0,"ocean_menu_typo_line_height_unit":"","ocean_menu_typo_spacing":0,"ocean_menu_typo_spacing_tablet":0,"ocean_menu_typo_spacing_mobile":0,"ocean_menu_typo_spacing_unit":"","ocean_menu_link_color":"","ocean_menu_link_color_hover":"","ocean_menu_link_color_active":"","ocean_menu_link_background":"","ocean_menu_link_hover_background":"","ocean_menu_link_active_background":"","ocean_menu_social_links_bg":"","ocean_menu_social_hover_links_bg":"","ocean_menu_social_links_color":"","ocean_menu_social_hover_links_color":"","ocean_disable_title":"default","ocean_disable_heading":"default","ocean_post_title":"","ocean_post_subheading":"","ocean_post_title_style":"","ocean_post_title_background_color":"","ocean_post_title_background":0,"ocean_post_title_bg_image_position":"","ocean_post_title_bg_image_attachment":"","ocean_post_title_bg_image_repeat":"","ocean_post_title_bg_image_size":"","ocean_post_title_height":0,"ocean_post_title_bg_overlay":0.5,"ocean_post_title_bg_overlay_color":"","ocean_disable_breadcrumbs":"default","ocean_breadcrumbs_color":"","ocean_breadcrumbs_separator_color":"","ocean_breadcrumbs_links_color":"","ocean_breadcrumbs_links_hover_color":"","ocean_display_footer_widgets":"default","ocean_display_footer_bottom":"default","ocean_custom_footer_template":"0"},"product_brand":[],"product_cat":[19],"product_tag":[],"class_list":{"0":"post-1033","1":"product","2":"type-product","3":"status-publish","4":"has-post-thumbnail","6":"product_cat-bois","7":"entry","8":"has-media","10":"first","11":"instock","12":"taxable","13":"shipping-taxable","14":"purchasable","15":"product-type-simple"},"_links":{"self":[{"href":"https:\/\/45mind.com\/index.php\/wp-json\/wp\/v2\/product\/1033","targetHints":{"allow":["GET"]}}],"collection":[{"href":"https:\/\/45mind.com\/index.php\/wp-json\/wp\/v2\/product"}],"about":[{"href":"https:\/\/45mind.com\/index.php\/wp-json\/wp\/v2\/types\/product"}],"wp:featuredmedia":[{"embeddable":true,"href":"https:\/\/45mind.com\/index.php\/wp-json\/wp\/v2\/media\/1034"}],"wp:attachment":[{"href":"https:\/\/45mind.com\/index.php\/wp-json\/wp\/v2\/media?parent=1033"}],"wp:term":[{"taxonomy":"product_brand","embeddable":true,"href":"https:\/\/45mind.com\/index.php\/wp-json\/wp\/v2\/product_brand?post=1033"},{"taxonomy":"product_cat","embeddable":true,"href":"https:\/\/45mind.com\/index.php\/wp-json\/wp\/v2\/product_cat?post=1033"},{"taxonomy":"product_tag","embeddable":true,"href":"https:\/\/45mind.com\/index.php\/wp-json\/wp\/v2\/product_tag?post=1033"}],"curies":[{"name":"wp","href":"https:\/\/api.w.org\/{rel}","templated":true}]}}