{"id":935,"date":"2022-12-06T10:51:45","date_gmt":"2022-12-06T09:51:45","guid":{"rendered":"https:\/\/45mind.com\/?post_type=product&#038;p=935"},"modified":"2024-12-28T12:43:22","modified_gmt":"2024-12-28T11:43:22","slug":"cheque-cadeau-50e","status":"publish","type":"product","link":"https:\/\/45mind.com\/index.php\/produit\/cheque-cadeau-50e\/","title":{"rendered":"Ch\u00e8que-Cadeau 50\u20ac"},"content":{"rendered":"<p>Vous souhaitez offrir un objet unique mais vous ne savez pas lequel choisir ?<\/p>\n<p>N&rsquo;h\u00e9sitez plus, le ch\u00e8que-cadeau 45MIND est<b>\u00a0le\u00a0cadeau id\u00e9al, simple et rapide<\/b>, pour faire plaisir \u00e0 tous les coups \u00e0 vos proches ou \u00e0 vos amis.<br \/>\nAinsi, ils pourront choisir parmi l&rsquo;ensemble du site ce qui leur plaira.<\/p>\n<p>Le ch\u00e8que-cadeau vous sera envoy\u00e9 par email sous 24h.<br \/>\nPossibilit\u00e9 de l&rsquo;envoyer \u00e0 la personne de votre choix directement par email. Pour cela, rien de plus simple. Il vous suffit de pr\u00e9ciser l&rsquo;adresse mail du destinataire dans \u00ab\u00a0Notes de commande\u00a0\u00bb au moment de passer votre commande.<\/p>\n","protected":false},"excerpt":{"rendered":"<p>Vous souhaitez offrir un objet unique mais vous ne savez pas lequel choisir ? N&rsquo;h\u00e9sitez plus, le ch\u00e8que-cadeau 45MIND est\u00a0le\u00a0cadeau id\u00e9al, simple et rapide, pour faire plaisir \u00e0 tous les coups \u00e0 vos proches ou \u00e0 vos amis. Ainsi, ils pourront choisir parmi l&rsquo;ensemble du site ce qui leur plaira. Le ch\u00e8que-cadeau vous sera envoy\u00e9 [&hellip;]<\/p>\n","protected":false},"featured_media":932,"template":"","meta":{"ocean_post_layout":"","ocean_both_sidebars_style":"","ocean_both_sidebars_content_width":0,"ocean_both_sidebars_sidebars_width":0,"ocean_sidebar":"0","ocean_second_sidebar":"0","ocean_disable_margins":"enable","ocean_add_body_class":"","ocean_shortcode_before_top_bar":"","ocean_shortcode_after_top_bar":"","ocean_shortcode_before_header":"","ocean_shortcode_after_header":"","ocean_has_shortcode":"","ocean_shortcode_after_title":"","ocean_shortcode_before_footer_widgets":"","ocean_shortcode_after_footer_widgets":"","ocean_shortcode_before_footer_bottom":"","ocean_shortcode_after_footer_bottom":"","ocean_display_top_bar":"default","ocean_display_header":"default","ocean_header_style":"","ocean_center_header_left_menu":"0","ocean_custom_header_template":"0","ocean_custom_logo":0,"ocean_custom_retina_logo":0,"ocean_custom_logo_max_width":0,"ocean_custom_logo_tablet_max_width":0,"ocean_custom_logo_mobile_max_width":0,"ocean_custom_logo_max_height":0,"ocean_custom_logo_tablet_max_height":0,"ocean_custom_logo_mobile_max_height":0,"ocean_header_custom_menu":"0","ocean_menu_typo_font_family":"0","ocean_menu_typo_font_subset":"","ocean_menu_typo_font_size":0,"ocean_menu_typo_font_size_tablet":0,"ocean_menu_typo_font_size_mobile":0,"ocean_menu_typo_font_size_unit":"px","ocean_menu_typo_font_weight":"","ocean_menu_typo_font_weight_tablet":"","ocean_menu_typo_font_weight_mobile":"","ocean_menu_typo_transform":"","ocean_menu_typo_transform_tablet":"","ocean_menu_typo_transform_mobile":"","ocean_menu_typo_line_height":0,"ocean_menu_typo_line_height_tablet":0,"ocean_menu_typo_line_height_mobile":0,"ocean_menu_typo_line_height_unit":"","ocean_menu_typo_spacing":0,"ocean_menu_typo_spacing_tablet":0,"ocean_menu_typo_spacing_mobile":0,"ocean_menu_typo_spacing_unit":"","ocean_menu_link_color":"","ocean_menu_link_color_hover":"","ocean_menu_link_color_active":"","ocean_menu_link_background":"","ocean_menu_link_hover_background":"","ocean_menu_link_active_background":"","ocean_menu_social_links_bg":"","ocean_menu_social_hover_links_bg":"","ocean_menu_social_links_color":"","ocean_menu_social_hover_links_color":"","ocean_disable_title":"default","ocean_disable_heading":"default","ocean_post_title":"","ocean_post_subheading":"","ocean_post_title_style":"","ocean_post_title_background_color":"","ocean_post_title_background":0,"ocean_post_title_bg_image_position":"","ocean_post_title_bg_image_attachment":"","ocean_post_title_bg_image_repeat":"","ocean_post_title_bg_image_size":"","ocean_post_title_height":0,"ocean_post_title_bg_overlay":0.5,"ocean_post_title_bg_overlay_color":"","ocean_disable_breadcrumbs":"default","ocean_breadcrumbs_color":"","ocean_breadcrumbs_separator_color":"","ocean_breadcrumbs_links_color":"","ocean_breadcrumbs_links_hover_color":"","ocean_display_footer_widgets":"default","ocean_display_footer_bottom":"default","ocean_custom_footer_template":"0"},"product_brand":[],"product_cat":[22],"product_tag":[],"class_list":{"0":"post-935","1":"product","2":"type-product","3":"status-publish","4":"has-post-thumbnail","6":"product_cat-divers","7":"entry","8":"has-media","10":"first","11":"instock","12":"virtual","13":"taxable","14":"purchasable","15":"product-type-simple"},"_links":{"self":[{"href":"https:\/\/45mind.com\/index.php\/wp-json\/wp\/v2\/product\/935","targetHints":{"allow":["GET"]}}],"collection":[{"href":"https:\/\/45mind.com\/index.php\/wp-json\/wp\/v2\/product"}],"about":[{"href":"https:\/\/45mind.com\/index.php\/wp-json\/wp\/v2\/types\/product"}],"wp:featuredmedia":[{"embeddable":true,"href":"https:\/\/45mind.com\/index.php\/wp-json\/wp\/v2\/media\/932"}],"wp:attachment":[{"href":"https:\/\/45mind.com\/index.php\/wp-json\/wp\/v2\/media?parent=935"}],"wp:term":[{"taxonomy":"product_brand","embeddable":true,"href":"https:\/\/45mind.com\/index.php\/wp-json\/wp\/v2\/product_brand?post=935"},{"taxonomy":"product_cat","embeddable":true,"href":"https:\/\/45mind.com\/index.php\/wp-json\/wp\/v2\/product_cat?post=935"},{"taxonomy":"product_tag","embeddable":true,"href":"https:\/\/45mind.com\/index.php\/wp-json\/wp\/v2\/product_tag?post=935"}],"curies":[{"name":"wp","href":"https:\/\/api.w.org\/{rel}","templated":true}]}}